{"id":1316,"date":"2021-11-21T15:12:46","date_gmt":"2021-11-21T15:12:46","guid":{"rendered":"http:\/\/astra.rent\/index.php\/home\/"},"modified":"2023-06-16T09:15:23","modified_gmt":"2023-06-16T09:15:23","slug":"home","status":"publish","type":"page","link":"https:\/\/astra.rent\/","title":{"rendered":"Home"},"content":{"rendered":"\t\t<div data-elementor-type=\"wp-page\" data-elementor-id=\"1316\" class=\"elementor elementor-1316\">\n\t\t\t\t\t\t\t\t\t<section class=\"elementor-section elementor-top-section elementor-element elementor-element-ca7541c elementor-section-height-min-height elementor-section-boxed elementor-section-height-default elementor-section-items-middle\" data-id=\"ca7541c\" data-element_type=\"section\" data-settings=\"{&quot;background_background&quot;:&quot;classic&quot;}\">\n\t\t\t\t\t\t\t<div class=\"elementor-background-overlay\"><\/div>\n\t\t\t\t\t\t\t<div class=\"elementor-container elementor-column-gap-default\">\n\t\t\t\t\t<div class=\"elementor-column elementor-col-100 elementor-top-column elementor-element elementor-element-be10890\" data-id=\"be10890\" data-element_type=\"column\">\n\t\t\t<div class=\"elementor-widget-wrap elementor-element-populated\">\n\t\t\t\t\t\t\t\t<div class=\"elementor-element elementor-element-957fc5b elementor-widget elementor-widget-text-editor\" data-id=\"957fc5b\" data-element_type=\"widget\" data-widget_type=\"text-editor.default\">\n\t\t\t\t<div class=\"elementor-widget-container\">\n\t\t\t<style>\/*! elementor - v3.18.0 - 08-12-2023 *\/\n.elementor-widget-text-editor.elementor-drop-cap-view-stacked .elementor-drop-cap{background-color:#69727d;color:#fff}.elementor-widget-text-editor.elementor-drop-cap-view-framed .elementor-drop-cap{color:#69727d;border:3px solid;background-color:transparent}.elementor-widget-text-editor:not(.elementor-drop-cap-view-default) .elementor-drop-cap{margin-top:8px}.elementor-widget-text-editor:not(.elementor-drop-cap-view-default) .elementor-drop-cap-letter{width:1em;height:1em}.elementor-widget-text-editor .elementor-drop-cap{float:left;text-align:center;line-height:1;font-size:50px}.elementor-widget-text-editor .elementor-drop-cap-letter{display:inline-block}<\/style>\t\t\t\t<p><strong>Zarz\u0105dzanie nieruchomo\u015bciami<\/strong><\/p>\t\t\t\t\t\t<\/div>\n\t\t\t\t<\/div>\n\t\t\t\t\t<\/div>\n\t\t<\/div>\n\t\t\t\t\t\t\t<\/div>\n\t\t<\/section>\n\t\t\t\t<section class=\"elementor-section elementor-top-section elementor-element elementor-element-72aeb85 elementor-section-boxed elementor-section-height-default elementor-section-height-default\" data-id=\"72aeb85\" data-element_type=\"section\">\n\t\t\t\t\t\t<div class=\"elementor-container elementor-column-gap-default\">\n\t\t\t\t\t<div class=\"elementor-column elementor-col-100 elementor-top-column elementor-element elementor-element-1102168\" data-id=\"1102168\" data-element_type=\"column\">\n\t\t\t<div class=\"elementor-widget-wrap elementor-element-populated\">\n\t\t\t\t\t\t\t\t<div class=\"elementor-element elementor-element-fb5e5a1 elementor-widget elementor-widget-heading\" data-id=\"fb5e5a1\" data-element_type=\"widget\" data-widget_type=\"heading.default\">\n\t\t\t\t<div class=\"elementor-widget-container\">\n\t\t\t<style>\/*! elementor - v3.18.0 - 08-12-2023 *\/\n.elementor-heading-title{padding:0;margin:0;line-height:1}.elementor-widget-heading .elementor-heading-title[class*=elementor-size-]>a{color:inherit;font-size:inherit;line-height:inherit}.elementor-widget-heading .elementor-heading-title.elementor-size-small{font-size:15px}.elementor-widget-heading .elementor-heading-title.elementor-size-medium{font-size:19px}.elementor-widget-heading .elementor-heading-title.elementor-size-large{font-size:29px}.elementor-widget-heading .elementor-heading-title.elementor-size-xl{font-size:39px}.elementor-widget-heading .elementor-heading-title.elementor-size-xxl{font-size:59px}<\/style><h1 class=\"elementor-heading-title elementor-size-default\">Nasze Us\u0142ugi<\/h1>\t\t<\/div>\n\t\t\t\t<\/div>\n\t\t\t\t<div class=\"elementor-element elementor-element-728378a elementor-widget-divider--view-line elementor-widget elementor-widget-divider\" data-id=\"728378a\" data-element_type=\"widget\" data-widget_type=\"divider.default\">\n\t\t\t\t<div class=\"elementor-widget-container\">\n\t\t\t<style>\/*! elementor - v3.18.0 - 08-12-2023 *\/\n.elementor-widget-divider{--divider-border-style:none;--divider-border-width:1px;--divider-color:#0c0d0e;--divider-icon-size:20px;--divider-element-spacing:10px;--divider-pattern-height:24px;--divider-pattern-size:20px;--divider-pattern-url:none;--divider-pattern-repeat:repeat-x}.elementor-widget-divider .elementor-divider{display:flex}.elementor-widget-divider .elementor-divider__text{font-size:15px;line-height:1;max-width:95%}.elementor-widget-divider .elementor-divider__element{margin:0 var(--divider-element-spacing);flex-shrink:0}.elementor-widget-divider .elementor-icon{font-size:var(--divider-icon-size)}.elementor-widget-divider .elementor-divider-separator{display:flex;margin:0;direction:ltr}.elementor-widget-divider--view-line_icon .elementor-divider-separator,.elementor-widget-divider--view-line_text .elementor-divider-separator{align-items:center}.elementor-widget-divider--view-line_icon .elementor-divider-separator:after,.elementor-widget-divider--view-line_icon .elementor-divider-separator:before,.elementor-widget-divider--view-line_text .elementor-divider-separator:after,.elementor-widget-divider--view-line_text .elementor-divider-separator:before{display:block;content:\"\";border-bottom:0;flex-grow:1;border-top:var(--divider-border-width) var(--divider-border-style) var(--divider-color)}.elementor-widget-divider--element-align-left .elementor-divider .elementor-divider-separator>.elementor-divider__svg:first-of-type{flex-grow:0;flex-shrink:100}.elementor-widget-divider--element-align-left .elementor-divider-separator:before{content:none}.elementor-widget-divider--element-align-left .elementor-divider__element{margin-left:0}.elementor-widget-divider--element-align-right .elementor-divider .elementor-divider-separator>.elementor-divider__svg:last-of-type{flex-grow:0;flex-shrink:100}.elementor-widget-divider--element-align-right .elementor-divider-separator:after{content:none}.elementor-widget-divider--element-align-right .elementor-divider__element{margin-right:0}.elementor-widget-divider:not(.elementor-widget-divider--view-line_text):not(.elementor-widget-divider--view-line_icon) .elementor-divider-separator{border-top:var(--divider-border-width) var(--divider-border-style) var(--divider-color)}.elementor-widget-divider--separator-type-pattern{--divider-border-style:none}.elementor-widget-divider--separator-type-pattern.elementor-widget-divider--view-line .elementor-divider-separator,.elementor-widget-divider--separator-type-pattern:not(.elementor-widget-divider--view-line) .elementor-divider-separator:after,.elementor-widget-divider--separator-type-pattern:not(.elementor-widget-divider--view-line) .elementor-divider-separator:before,.elementor-widget-divider--separator-type-pattern:not([class*=elementor-widget-divider--view]) .elementor-divider-separator{width:100%;min-height:var(--divider-pattern-height);-webkit-mask-size:var(--divider-pattern-size) 100%;mask-size:var(--divider-pattern-size) 100%;-webkit-mask-repeat:var(--divider-pattern-repeat);mask-repeat:var(--divider-pattern-repeat);background-color:var(--divider-color);-webkit-mask-image:var(--divider-pattern-url);mask-image:var(--divider-pattern-url)}.elementor-widget-divider--no-spacing{--divider-pattern-size:auto}.elementor-widget-divider--bg-round{--divider-pattern-repeat:round}.rtl .elementor-widget-divider .elementor-divider__text{direction:rtl}.e-con-inner>.elementor-widget-divider,.e-con>.elementor-widget-divider{width:var(--container-widget-width,100%);--flex-grow:var(--container-widget-flex-grow)}<\/style>\t\t<div class=\"elementor-divider\">\n\t\t\t<span class=\"elementor-divider-separator\">\n\t\t\t\t\t\t<\/span>\n\t\t<\/div>\n\t\t\t\t<\/div>\n\t\t\t\t<\/div>\n\t\t\t\t\t<\/div>\n\t\t<\/div>\n\t\t\t\t\t\t\t<\/div>\n\t\t<\/section>\n\t\t\t\t<section class=\"elementor-section elementor-top-section elementor-element elementor-element-924e6ae elementor-section-boxed elementor-section-height-default elementor-section-height-default\" data-id=\"924e6ae\" data-element_type=\"section\">\n\t\t\t\t\t\t<div class=\"elementor-container elementor-column-gap-default\">\n\t\t\t\t\t<div class=\"elementor-column elementor-col-33 elementor-top-column elementor-element elementor-element-ab5baaa\" data-id=\"ab5baaa\" data-element_type=\"column\">\n\t\t\t<div class=\"elementor-widget-wrap elementor-element-populated\">\n\t\t\t\t\t\t\t\t<div class=\"elementor-element elementor-element-4962a94 elementor-widget elementor-widget-image\" data-id=\"4962a94\" data-element_type=\"widget\" data-widget_type=\"image.default\">\n\t\t\t\t<div class=\"elementor-widget-container\">\n\t\t\t<style>\/*! elementor - v3.18.0 - 08-12-2023 *\/\n.elementor-widget-image{text-align:center}.elementor-widget-image a{display:inline-block}.elementor-widget-image a img[src$=\".svg\"]{width:48px}.elementor-widget-image img{vertical-align:middle;display:inline-block}<\/style>\t\t\t\t\t\t\t\t\t\t\t\t<img fetchpriority=\"high\" decoding=\"async\" width=\"600\" height=\"450\" src=\"https:\/\/astra.rent\/wp-content\/uploads\/2023\/05\/posrednik-nieruchomosci-1.jpg\" class=\"attachment-large size-large wp-image-1454\" alt=\"\" srcset=\"https:\/\/astra.rent\/wp-content\/uploads\/2023\/05\/posrednik-nieruchomosci-1.jpg 600w, https:\/\/astra.rent\/wp-content\/uploads\/2023\/05\/posrednik-nieruchomosci-1-300x225.jpg 300w\" sizes=\"(max-width: 600px) 100vw, 600px\" \/>\t\t\t\t\t\t\t\t\t\t\t\t\t\t\t<\/div>\n\t\t\t\t<\/div>\n\t\t\t\t<div class=\"elementor-element elementor-element-580ab62 elementor-widget elementor-widget-text-editor\" data-id=\"580ab62\" data-element_type=\"widget\" data-widget_type=\"text-editor.default\">\n\t\t\t\t<div class=\"elementor-widget-container\">\n\t\t\t\t\t\t\t<p><strong>Zarz\u0105dzanie najmem<br><br><\/strong><\/p>\n<p><strong><\/strong><span style=\"font-size: 11.5pt; line-height: 115%; font-family: Arial, 'sans-serif'; background-image: initial; background-position: initial; background-size: initial; background-repeat: initial; background-attachment: initial; background-origin: initial; background-clip: initial;\">Czy jeste\u015b w\u0142a\u015bcicielem nieruchomo\u015bci, ale nie chcesz martwi\u0107 si\u0119 o to, czy otrzymasz czynsz od swojego najemcy na czas? Czy zale\u017cy Ci na stabilnym i regularnym dochodzie z Twojej nieruchomo\u015bci? Je\u015bli tak, to nasza us\u0142uga jest dla Ciebie idealnym rozwi\u0105zaniem!<\/span><span style=\"font-size: 11.5pt; line-height: 115%; font-family: Arial, 'sans-serif';\"><br><span style=\"background-image: initial; background-position: initial; background-size: initial; background-repeat: initial; background-attachment: initial; background-origin: initial; background-clip: initial;\">Oferujemy kompleksowe zarz\u0105dzanie Twoj\u0105 nieruchomo\u015bci\u0105, w tym weryfikacj\u0119 potencjalnych najemc\u00f3w, ustalenie warunk\u00f3w najmu, przeprowadzenie niezb\u0119dnych napraw oraz organizowanie rozlicze\u0144 i pobieranie czynszu. Najwa\u017cniejsze jednak, \u017ce oferujemy gwarancj\u0119 czynszu &#8211; niezale\u017cnie od tego czy Tw\u00f3j najemca zap\u0142aci czynsz na czas czy nie. My gwarantujemy Ci sta\u0142y doch\u00f3d z Twojej nieruchomo\u015bci.<\/span><\/span><strong><br><\/strong><\/p>\t\t\t\t\t\t<\/div>\n\t\t\t\t<\/div>\n\t\t\t\t\t<\/div>\n\t\t<\/div>\n\t\t\t\t<div class=\"elementor-column elementor-col-33 elementor-top-column elementor-element elementor-element-351b4be\" data-id=\"351b4be\" data-element_type=\"column\">\n\t\t\t<div class=\"elementor-widget-wrap elementor-element-populated\">\n\t\t\t\t\t\t\t\t<div class=\"elementor-element elementor-element-bbb8877 elementor-widget elementor-widget-image\" data-id=\"bbb8877\" data-element_type=\"widget\" data-widget_type=\"image.default\">\n\t\t\t\t<div class=\"elementor-widget-container\">\n\t\t\t\t\t\t\t\t\t\t\t\t\t\t\t<img decoding=\"async\" width=\"600\" height=\"450\" src=\"https:\/\/astra.rent\/wp-content\/uploads\/2023\/05\/6065c8d47fe44b-948-568-0-57-1773-1063-1.jpg\" class=\"attachment-large size-large wp-image-1455\" alt=\"\" srcset=\"https:\/\/astra.rent\/wp-content\/uploads\/2023\/05\/6065c8d47fe44b-948-568-0-57-1773-1063-1.jpg 600w, https:\/\/astra.rent\/wp-content\/uploads\/2023\/05\/6065c8d47fe44b-948-568-0-57-1773-1063-1-300x225.jpg 300w\" sizes=\"(max-width: 600px) 100vw, 600px\" \/>\t\t\t\t\t\t\t\t\t\t\t\t\t\t\t<\/div>\n\t\t\t\t<\/div>\n\t\t\t\t<div class=\"elementor-element elementor-element-1eb3c47 elementor-widget elementor-widget-text-editor\" data-id=\"1eb3c47\" data-element_type=\"widget\" data-widget_type=\"text-editor.default\">\n\t\t\t\t<div class=\"elementor-widget-container\">\n\t\t\t\t\t\t\t<p><strong>Kwatery Pracownicze<br><br><\/strong><span style=\"font-size: 11.5pt; line-height: 115%; font-family: Arial, &quot;sans-serif&quot;; background-image: initial; background-position: initial; background-size: initial; background-repeat: initial; background-attachment: initial; background-origin: initial; background-clip: initial;\">Je\u015bli szukasz taniego, ale jednocze\u015bnie\nkomfortowego zakwaterowania dla swoich pracownik\u00f3w, to \u015bwietnie trafi\u0142e\u015b! Nasza\nfirma oferuje kompleksowe us\u0142ugi wynajmu kwater pracowniczych, kt\u00f3re spe\u0142ni\u0105\nwszystkie potrzeby Twojej firmy.<\/span><span style=\"font-size: 11.5pt; line-height: 115%; font-family: Arial, &quot;sans-serif&quot;;\"><br>\n<span style=\"background-image: initial; background-position: initial; background-size: initial; background-repeat: initial; background-attachment: initial; background-origin: initial; background-clip: initial;\">Nasze kwatery pracownicze s\u0105 dobrze wyposa\u017cone i\nzlokalizowane, blisko transportu publicznego i centr\u00f3w miast. Oferujemy\nprzestronne pokoje, wyposa\u017cone w wygodne \u0142\u00f3\u017cka i meble oraz dost\u0119p do wsp\u00f3lnych\npomieszcze\u0144, takich jak kuchnia, \u0142azienka, pralnia. Zapewniamy tak\u017ce sta\u0142y dost\u0119p\ndo Internetu oraz parking.<\/span><br>\n<span style=\"background-image: initial; background-position: initial; background-size: initial; background-repeat: initial; background-attachment: initial; background-origin: initial; background-clip: initial;\">Wynajmuj\u0105c u nas kwatery pracownicze masz pewno\u015b\u0107,\n\u017ce Twoi pracownicy b\u0119d\u0105 mieli wygodne i bezpieczne miejsce do odpoczynku po\nci\u0119\u017ckiej pracy. Nasze kwatery s\u0105 czyste, schludne i przyjazne co pozwoli Twoim\npracownikom poczu\u0107 si\u0119 jak w domu.&nbsp;<\/span><\/span><strong><br><\/strong><\/p>\t\t\t\t\t\t<\/div>\n\t\t\t\t<\/div>\n\t\t\t\t\t<\/div>\n\t\t<\/div>\n\t\t\t\t<div class=\"elementor-column elementor-col-33 elementor-top-column elementor-element elementor-element-95dca8c\" data-id=\"95dca8c\" data-element_type=\"column\">\n\t\t\t<div class=\"elementor-widget-wrap elementor-element-populated\">\n\t\t\t\t\t\t\t\t<div class=\"elementor-element elementor-element-ab33a7e elementor-widget__width-inherit elementor-widget elementor-widget-image\" data-id=\"ab33a7e\" data-element_type=\"widget\" data-widget_type=\"image.default\">\n\t\t\t\t<div class=\"elementor-widget-container\">\n\t\t\t\t\t\t\t\t\t\t\t\t\t\t\t<img decoding=\"async\" width=\"1024\" height=\"768\" src=\"https:\/\/astra.rent\/wp-content\/uploads\/2023\/05\/Inwestowanie-w-nieruchomosci-jak-zaczac-1200x900-1-1024x768.jpg\" class=\"attachment-large size-large wp-image-1436\" alt=\"\" srcset=\"https:\/\/astra.rent\/wp-content\/uploads\/2023\/05\/Inwestowanie-w-nieruchomosci-jak-zaczac-1200x900-1-1024x768.jpg 1024w, https:\/\/astra.rent\/wp-content\/uploads\/2023\/05\/Inwestowanie-w-nieruchomosci-jak-zaczac-1200x900-1-300x225.jpg 300w, https:\/\/astra.rent\/wp-content\/uploads\/2023\/05\/Inwestowanie-w-nieruchomosci-jak-zaczac-1200x900-1-768x576.jpg 768w, https:\/\/astra.rent\/wp-content\/uploads\/2023\/05\/Inwestowanie-w-nieruchomosci-jak-zaczac-1200x900-1.jpg 1200w\" sizes=\"(max-width: 1024px) 100vw, 1024px\" \/>\t\t\t\t\t\t\t\t\t\t\t\t\t\t\t<\/div>\n\t\t\t\t<\/div>\n\t\t\t\t<div class=\"elementor-element elementor-element-a0a9314 elementor-widget elementor-widget-text-editor\" data-id=\"a0a9314\" data-element_type=\"widget\" data-widget_type=\"text-editor.default\">\n\t\t\t\t<div class=\"elementor-widget-container\">\n\t\t\t\t\t\t\t<p><strong>Inwestycje<br \/><br \/><\/strong><\/p><p><span style=\"font-size: 11.5pt; line-height: 115%; font-family: Arial, 'sans-serif'; background-image: initial; background-position: initial; background-size: initial; background-repeat: initial; background-attachment: initial; background-origin: initial; background-clip: initial;\">Je\u015bli szukasz wsparcia w zakresie nieruchomo\u015bci, to dobrze trafi\u0142e\u015b. Nasza firma oferuje kompleksowe us\u0142ugi doradztwa nieruchomo\u015bciowego, kt\u00f3re pozwala Ci podejmowa\u0107 najlepsze decyzje zwi\u0105zane z rynkiem nieruchomo\u015bci.<\/span><span style=\"font-size: 11.5pt; line-height: 115%; font-family: Arial, 'sans-serif';\"><br \/><span style=\"background-image: initial; background-position: initial; background-size: initial; background-repeat: initial; background-attachment: initial; background-origin: initial; background-clip: initial;\">Oferujemy doradztwo w zakresie sprzeda\u017cy, zakupu, wynajmu i zarz\u0105dzania nieruchomo\u015bciami, a tak\u017ce w zakresie inwestycji nieruchomo\u015bciowych. Dzi\u0119ki naszej pomocy b\u0119dziesz mia\u0142 pewno\u015b\u0107, \u017ce podejmujesz najlepsze decyzje zwi\u0105zane z Twoj\u0105 nieruchomo\u015bci\u0105. Do ka\u017cdego klienta podchodzimy indywidualnie i dopasowujemy nasze us\u0142ugi do jego potrzeb. Nasza wiedza i do\u015bwiadczenie pozwol\u0105 Ci zaoszcz\u0119dzi\u0107 czas i pieni\u0105dze, a tak\u017ce zminimalizowa\u0107 ryzyko zwi\u0105zane z nieruchomo\u015bciami.<\/span><\/span><strong><br \/><\/strong><\/p>\t\t\t\t\t\t<\/div>\n\t\t\t\t<\/div>\n\t\t\t\t\t<\/div>\n\t\t<\/div>\n\t\t\t\t\t\t\t<\/div>\n\t\t<\/section>\n\t\t\t\t<section class=\"elementor-section elementor-top-section elementor-element elementor-element-9b0768a elementor-section-boxed elementor-section-height-default elementor-section-height-default\" data-id=\"9b0768a\" data-element_type=\"section\">\n\t\t\t\t\t\t<div class=\"elementor-container elementor-column-gap-default\">\n\t\t\t\t\t<div class=\"elementor-column elementor-col-100 elementor-top-column elementor-element elementor-element-fa6eac2\" data-id=\"fa6eac2\" data-element_type=\"column\">\n\t\t\t<div class=\"elementor-widget-wrap elementor-element-populated\">\n\t\t\t\t\t\t\t\t<div class=\"elementor-element elementor-element-7db7d34 elementor-widget-divider--view-line elementor-widget elementor-widget-divider\" data-id=\"7db7d34\" data-element_type=\"widget\" data-widget_type=\"divider.default\">\n\t\t\t\t<div class=\"elementor-widget-container\">\n\t\t\t\t\t<div class=\"elementor-divider\">\n\t\t\t<span class=\"elementor-divider-separator\">\n\t\t\t\t\t\t<\/span>\n\t\t<\/div>\n\t\t\t\t<\/div>\n\t\t\t\t<\/div>\n\t\t\t\t\t<\/div>\n\t\t<\/div>\n\t\t\t\t\t\t\t<\/div>\n\t\t<\/section>\n\t\t\t\t<section class=\"elementor-section elementor-top-section elementor-element elementor-element-a9cbadb elementor-section-boxed elementor-section-height-default elementor-section-height-default\" data-id=\"a9cbadb\" data-element_type=\"section\">\n\t\t\t\t\t\t<div class=\"elementor-container elementor-column-gap-default\">\n\t\t\t\t\t<div class=\"elementor-column elementor-col-100 elementor-top-column elementor-element elementor-element-ae8e6a5\" data-id=\"ae8e6a5\" data-element_type=\"column\">\n\t\t\t<div class=\"elementor-widget-wrap\">\n\t\t\t\t\t\t\t\t\t<\/div>\n\t\t<\/div>\n\t\t\t\t\t\t\t<\/div>\n\t\t<\/section>\n\t\t\t\t<section class=\"elementor-section elementor-top-section elementor-element elementor-element-1e7f99d elementor-section-boxed elementor-section-height-default elementor-section-height-default\" data-id=\"1e7f99d\" data-element_type=\"section\">\n\t\t\t\t\t\t<div class=\"elementor-container elementor-column-gap-default\">\n\t\t\t\t\t<div class=\"elementor-column elementor-col-100 elementor-top-column elementor-element elementor-element-3dffcab\" data-id=\"3dffcab\" data-element_type=\"column\">\n\t\t\t<div class=\"elementor-widget-wrap elementor-element-populated\">\n\t\t\t\t\t\t\t\t<div class=\"elementor-element elementor-element-8bf0499 elementor-widget-divider--view-line elementor-widget elementor-widget-divider\" data-id=\"8bf0499\" data-element_type=\"widget\" data-widget_type=\"divider.default\">\n\t\t\t\t<div class=\"elementor-widget-container\">\n\t\t\t\t\t<div class=\"elementor-divider\">\n\t\t\t<span class=\"elementor-divider-separator\">\n\t\t\t\t\t\t<\/span>\n\t\t<\/div>\n\t\t\t\t<\/div>\n\t\t\t\t<\/div>\n\t\t\t\t\t<\/div>\n\t\t<\/div>\n\t\t\t\t\t\t\t<\/div>\n\t\t<\/section>\n\t\t\t\t\t\t\t<\/div>\n\t\t","protected":false},"excerpt":{"rendered":"<p>Zarz\u0105dzanie nieruchomo\u015bciami Nasze Us\u0142ugi Zarz\u0105dzanie najmem Czy jeste\u015b w\u0142a\u015bcicielem nieruchomo\u015bci, ale nie chcesz martwi\u0107 si\u0119 o to, czy otrzymasz czynsz od swojego najemcy na czas? Czy zale\u017cy Ci na stabilnym i regularnym dochodzie z Twojej nieruchomo\u015bci? Je\u015bli tak, to nasza us\u0142uga jest dla Ciebie idealnym rozwi\u0105zaniem!Oferujemy kompleksowe zarz\u0105dzanie Twoj\u0105 nieruchomo\u015bci\u0105, w tym weryfikacj\u0119 potencjalnych najemc\u00f3w, &hellip;<\/p>\n<p class=\"read-more\"> <a class=\"\" href=\"https:\/\/astra.rent\/\"> <span class=\"screen-reader-text\">Home<\/span> Read More &raquo;<\/a><\/p>\n","protected":false},"author":1,"featured_media":0,"parent":0,"menu_order":0,"comment_status":"closed","ping_status":"closed","template":"","meta":{"site-sidebar-layout":"no-sidebar","site-content-layout":"page-builder","ast-global-header-display":"","ast-main-header-display":"","ast-hfb-above-header-display":"","ast-hfb-below-header-display":"","ast-hfb-mobile-header-display":"","site-post-title":"disabled","ast-breadcrumbs-content":"","ast-featured-img":"disabled","footer-sml-layout":"","theme-transparent-header-meta":"enabled","adv-header-id-meta":"","stick-header-meta":"","header-above-stick-meta":"","header-main-stick-meta":"","header-below-stick-meta":"","footnotes":""},"class_list":["post-1316","page","type-page","status-publish","hentry"],"_links":{"self":[{"href":"https:\/\/astra.rent\/index.php\/wp-json\/wp\/v2\/pages\/1316","targetHints":{"allow":["GET"]}}],"collection":[{"href":"https:\/\/astra.rent\/index.php\/wp-json\/wp\/v2\/pages"}],"about":[{"href":"https:\/\/astra.rent\/index.php\/wp-json\/wp\/v2\/types\/page"}],"author":[{"embeddable":true,"href":"https:\/\/astra.rent\/index.php\/wp-json\/wp\/v2\/users\/1"}],"replies":[{"embeddable":true,"href":"https:\/\/astra.rent\/index.php\/wp-json\/wp\/v2\/comments?post=1316"}],"version-history":[{"count":75,"href":"https:\/\/astra.rent\/index.php\/wp-json\/wp\/v2\/pages\/1316\/revisions"}],"predecessor-version":[{"id":1529,"href":"https:\/\/astra.rent\/index.php\/wp-json\/wp\/v2\/pages\/1316\/revisions\/1529"}],"wp:attachment":[{"href":"https:\/\/astra.rent\/index.php\/wp-json\/wp\/v2\/media?parent=1316"}],"curies":[{"name":"wp","href":"https:\/\/api.w.org\/{rel}","templated":true}]}}